{"id":66,"date":"2024-11-03T14:19:53","date_gmt":"2024-11-03T14:19:53","guid":{"rendered":"https:\/\/eurosalesman.si\/front-page\/"},"modified":"2025-02-25T15:50:31","modified_gmt":"2025-02-25T15:50:31","slug":"front-page","status":"publish","type":"page","link":"https:\/\/eurosalesman.si\/es\/","title":{"rendered":"Front Page"},"content":{"rendered":"<div data-elementor-type=\"wp-page\" data-elementor-id=\"66\" class=\"elementor elementor-66\" data-elementor-post-type=\"page\">\n\t\t\t\t<div class=\"elementor-element elementor-element-13fe3afd e-con-full e-flex e-con e-parent\" data-id=\"13fe3afd\" data-element_type=\"container\" data-e-type=\"container\" data-settings=\"{&quot;background_background&quot;:&quot;classic&quot;}\">\n\t\t<div class=\"elementor-element elementor-element-4889cd5d e-con-full e-flex e-con e-child\" data-id=\"4889cd5d\" data-element_type=\"container\" data-e-type=\"container\">\n\t\t\t\t<div class=\"elementor-element elementor-element-6f974cd elementor-widget__width-inherit elementor-widget-divider--view-line elementor-invisible elementor-widget elementor-widget-divider\" data-id=\"6f974cd\" data-element_type=\"widget\" data-e-type=\"widget\" data-settings=\"{&quot;_animation&quot;:&quot;fadeInLeft&quot;}\" data-widget_type=\"divider.default\">\n\t\t\t\t<div class=\"elementor-widget-container\">\n\t\t\t\t\t\t\t<div class=\"elementor-divider\">\n\t\t\t<span class=\"elementor-divider-separator\">\n\t\t\t\t\t\t<\/span>\n\t\t<\/div>\n\t\t\t\t\t\t<\/div>\n\t\t\t\t<\/div>\n\t\t\t\t<div class=\"elementor-element elementor-element-40b0b15c elementor-widget__width-initial elementor-widget-tablet__width-inherit elementor-widget elementor-widget-heading\" data-id=\"40b0b15c\" data-element_type=\"widget\" data-e-type=\"widget\" data-widget_type=\"heading.default\">\n\t\t\t\t<div class=\"elementor-widget-container\">\n\t\t\t\t\t<h1 class=\"elementor-heading-title elementor-size-default\">Eslovenia - \u00a1Desbloquee oportunidades en un mercado centroeuropeo en crecimiento!<\/h1>\t\t\t\t<\/div>\n\t\t\t\t<\/div>\n\t\t\t\t<div class=\"elementor-element elementor-element-2fd51a9b elementor-widget__width-initial elementor-widget-tablet__width-inherit elementor-widget elementor-widget-text-editor\" data-id=\"2fd51a9b\" data-element_type=\"widget\" data-e-type=\"widget\" data-widget_type=\"text-editor.default\">\n\t\t\t\t<div class=\"elementor-widget-container\">\n\t\t\t\t\t\t\t\t\t<p>\u00a0<\/p><p>La s\u00f3lida econom\u00eda de Eslovenia, su mano de obra cualificada y su posici\u00f3n estrat\u00e9gica entre el centro y el sur de Europa la convierten en un destino ideal para las empresas que buscan expandirse y crecer en la regi\u00f3n.<\/p>\t\t\t\t\t\t\t\t<\/div>\n\t\t\t\t<\/div>\n\t\t\t\t<\/div>\n\t\t\t\t<\/div>\n\t\t<div class=\"elementor-element elementor-element-3e48932 e-con-full e-flex e-con e-parent\" data-id=\"3e48932\" data-element_type=\"container\" data-e-type=\"container\">\n\t\t<div class=\"elementor-element elementor-element-e8187a6 e-con-full e-flex e-con e-child\" data-id=\"e8187a6\" data-element_type=\"container\" data-e-type=\"container\">\n\t\t\t\t<div class=\"elementor-element elementor-element-c2e98e2 elementor-widget__width-inherit elementor-widget-divider--view-line elementor-invisible elementor-widget elementor-widget-divider\" data-id=\"c2e98e2\" data-element_type=\"widget\" data-e-type=\"widget\" data-settings=\"{&quot;_animation&quot;:&quot;fadeInLeft&quot;}\" data-widget_type=\"divider.default\">\n\t\t\t\t<div class=\"elementor-widget-container\">\n\t\t\t\t\t\t\t<div class=\"elementor-divider\">\n\t\t\t<span class=\"elementor-divider-separator\">\n\t\t\t\t\t\t<\/span>\n\t\t<\/div>\n\t\t\t\t\t\t<\/div>\n\t\t\t\t<\/div>\n\t\t\t\t<div class=\"elementor-element elementor-element-9a0b7f6 elementor-widget__width-initial elementor-widget-tablet__width-inherit elementor-widget elementor-widget-heading\" data-id=\"9a0b7f6\" data-element_type=\"widget\" data-e-type=\"widget\" data-widget_type=\"heading.default\">\n\t\t\t\t<div class=\"elementor-widget-container\">\n\t\t\t\t\t<h2 class=\"elementor-heading-title elementor-size-default\">Anuncios destacados<\/h2>\t\t\t\t<\/div>\n\t\t\t\t<\/div>\n\t\t\t\t<div class=\"elementor-element elementor-element-142e9c19 elementor-widget__width-initial elementor-widget-tablet__width-inherit elementor-widget elementor-widget-text-editor\" data-id=\"142e9c19\" data-element_type=\"widget\" data-e-type=\"widget\" data-widget_type=\"text-editor.default\">\n\t\t\t\t<div class=\"elementor-widget-container\">\n\t\t\t\t\t\t\t\t\t<p>A continuaci\u00f3n figuran las empresas que han decidido exponer sus marcas en Eslovenia, aprovechando las oportunidades \u00fanicas y las ventajas estrat\u00e9gicas que ofrece este din\u00e1mico mercado.<\/p>\t\t\t\t\t\t\t\t<\/div>\n\t\t\t\t<\/div>\n\t\t\t\t<\/div>\n\t\t<div class=\"elementor-element elementor-element-e21a997 e-con-full e-flex e-con e-child\" data-id=\"e21a997\" data-element_type=\"container\" data-e-type=\"container\">\n\t\t\t\t<div class=\"elementor-element elementor-element-40590ac elementor-widget__width-inherit elementor-widget elementor-widget-shortcode\" data-id=\"40590ac\" data-element_type=\"widget\" data-e-type=\"widget\" data-widget_type=\"shortcode.default\">\n\t\t\t\t<div class=\"elementor-widget-container\">\n\t\t\t\t\t\t\t<div class=\"elementor-shortcode\"><div class=\"myplugin-site-posts-filter\"><form method=\"get\" action=\"\"><label for=\"category-filter\">Filtrar por categor\u00eda:<\/label> <select id=\"category-filter\" name=\"category\" onchange=\"this.form.submit()\"><option value=\"\">Todas las categor\u00edas<\/option><option value=\"professional-services\" >Servicios profesionales<\/option><option value=\"technology-innovation\" >Tecnolog\u00eda e innovaci\u00f3n<\/option><option value=\"retail-e-commerce\" >Venta al por menor y comercio electr\u00f3nico<\/option><option value=\"health-wellness\" >Salud y bienestar<\/option><option value=\"construction-real-estate\" >Construcci\u00f3n e inmobiliaria<\/option><option value=\"finance-insurance\" >Finanzas y seguros<\/option><option value=\"education-training\" >Educaci\u00f3n y formaci\u00f3n<\/option><option value=\"logistics-manufacturing\" >Log\u00edstica y fabricaci\u00f3n<\/option><\/select><input type=\"hidden\" name=\"trp-form-language\" value=\"es\"\/><\/form><\/div><div class=\"myplugin-site-posts\"><p>No se han encontrado entradas para esta categor\u00eda.<\/p><\/div><\/div>\n\t\t\t\t\t\t<\/div>\n\t\t\t\t<\/div>\n\t\t\t\t<\/div>\n\t\t\t\t<\/div>\n\t\t<div class=\"elementor-element elementor-element-1d0e29b7 e-con-full e-flex e-con e-parent\" data-id=\"1d0e29b7\" data-element_type=\"container\" data-e-type=\"container\" data-settings=\"{&quot;background_background&quot;:&quot;classic&quot;}\">\n\t\t<div class=\"elementor-element elementor-element-69df4861 e-con-full e-flex e-con e-child\" data-id=\"69df4861\" data-element_type=\"container\" data-e-type=\"container\">\n\t\t\t\t<div class=\"elementor-element elementor-element-5ceb7117 elementor-invisible elementor-widget elementor-widget-heading\" data-id=\"5ceb7117\" data-element_type=\"widget\" data-e-type=\"widget\" data-settings=\"{&quot;_animation&quot;:&quot;fadeIn&quot;}\" data-widget_type=\"heading.default\">\n\t\t\t\t<div class=\"elementor-widget-container\">\n\t\t\t\t\t<h2 class=\"elementor-heading-title elementor-size-default\">\u00bfQuiere impulsar su negocio hoy mismo?<\/h2>\t\t\t\t<\/div>\n\t\t\t\t<\/div>\n\t\t\t\t<div class=\"elementor-element elementor-element-4ba88f8 elementor-widget elementor-widget-text-editor\" data-id=\"4ba88f8\" data-element_type=\"widget\" data-e-type=\"widget\" data-settings=\"{&quot;_animation&quot;:&quot;none&quot;}\" data-widget_type=\"text-editor.default\">\n\t\t\t\t<div class=\"elementor-widget-container\">\n\t\t\t\t\t\t\t\t\t<p>P\u00f3ngase en contacto con nosotros hoy mismo para obtener m\u00e1s informaci\u00f3n sobre c\u00f3mo podemos ayudarle a alcanzar sus objetivos de marketing con precisi\u00f3n y confianza.<\/p>\t\t\t\t\t\t\t\t<\/div>\n\t\t\t\t<\/div>\n\t\t\t\t<div class=\"elementor-element elementor-element-705de85b elementor-align-justify elementor-widget__width-initial elementor-widget elementor-widget-button\" data-id=\"705de85b\" data-element_type=\"widget\" data-e-type=\"widget\" data-widget_type=\"button.default\">\n\t\t\t\t<div class=\"elementor-widget-container\">\n\t\t\t\t\t\t\t\t\t<div class=\"elementor-button-wrapper\">\n\t\t\t\t\t<a class=\"elementor-button elementor-size-sm\" role=\"button\">\n\t\t\t\t\t\t<span class=\"elementor-button-content-wrapper\">\n\t\t\t\t\t\t\t\t\t<span class=\"elementor-button-text\">Contacto<\/span>\n\t\t\t\t\t<\/span>\n\t\t\t\t\t<\/a>\n\t\t\t\t<\/div>\n\t\t\t\t\t\t\t\t<\/div>\n\t\t\t\t<\/div>\n\t\t\t\t<\/div>\n\t\t<div class=\"elementor-element elementor-element-3d26a195 e-con-full e-flex e-con e-child\" data-id=\"3d26a195\" data-element_type=\"container\" data-e-type=\"container\" data-settings=\"{&quot;background_background&quot;:&quot;classic&quot;}\">\n\t\t\t\t<\/div>\n\t\t\t\t<\/div>\n\t\t\t\t<\/div>","protected":false},"excerpt":{"rendered":"<p>Slovenia &#8211; Unlock Opportunities in a Growing Central European Market! \u00a0 Slovenia\u2019s strong economy, skilled workforce, and strategic position between Central and Southern Europe make it an ideal destination for businesses seeking expansion and growth in the region. Featured Ads Below are the companies that have chosen to showcase their brands in Slovenia, leveraging the [&hellip;]<\/p>","protected":false},"author":3,"featured_media":0,"parent":0,"menu_order":0,"comment_status":"closed","ping_status":"closed","template":"elementor_header_footer","meta":{"footnotes":""},"class_list":["post-66","page","type-page","status-publish","hentry"],"_links":{"self":[{"href":"https:\/\/eurosalesman.si\/es\/wp-json\/wp\/v2\/pages\/66","targetHints":{"allow":["GET"]}}],"collection":[{"href":"https:\/\/eurosalesman.si\/es\/wp-json\/wp\/v2\/pages"}],"about":[{"href":"https:\/\/eurosalesman.si\/es\/wp-json\/wp\/v2\/types\/page"}],"author":[{"embeddable":true,"href":"https:\/\/eurosalesman.si\/es\/wp-json\/wp\/v2\/users\/3"}],"replies":[{"embeddable":true,"href":"https:\/\/eurosalesman.si\/es\/wp-json\/wp\/v2\/comments?post=66"}],"version-history":[{"count":13,"href":"https:\/\/eurosalesman.si\/es\/wp-json\/wp\/v2\/pages\/66\/revisions"}],"predecessor-version":[{"id":140,"href":"https:\/\/eurosalesman.si\/es\/wp-json\/wp\/v2\/pages\/66\/revisions\/140"}],"wp:attachment":[{"href":"https:\/\/eurosalesman.si\/es\/wp-json\/wp\/v2\/media?parent=66"}],"curies":[{"name":"wp","href":"https:\/\/api.w.org\/{rel}","templated":true}]}}