{"id":2,"date":"2024-11-03T14:16:56","date_gmt":"2024-11-03T14:16:56","guid":{"rendered":"https:\/\/eurosalesman.com\/slovenia\/?page_id=2"},"modified":"2024-11-03T14:16:56","modified_gmt":"2024-11-03T14:16:56","slug":"sample-page","status":"publish","type":"page","link":"https:\/\/eurosalesman.si\/sl\/sample-page\/","title":{"rendered":"Stran vzorca"},"content":{"rendered":"<p>To je primer strani. Od objave na blogu se razlikuje po tem, da ostane na enem mestu in se prika\u017ee v navigaciji va\u0161ega spletnega mesta (v ve\u010dini tem). Ve\u010dina ljudi za\u010dne s stranjo O strani, ki jih predstavi potencialnim obiskovalcem spletnega mesta. Na njej lahko pi\u0161e nekaj takega:<\/p>\n\n\n\n<blockquote class=\"wp-block-quote is-layout-flow wp-block-quote-is-layout-flow\"><p>Pozdravljeni! Podnevi sem kolesarski kurir, pono\u010di ambiciozni igralec in to je moja spletna stran. \u017divim v Los Angelesu, imam \u010dudovitega psa Jacka in rada pi\u00f1a colado. (In se pustim ujeti v de\u017eju.)<\/p><\/blockquote>\n\n\n\n<p>...ali nekaj takega:<\/p>\n\n\n\n<blockquote class=\"wp-block-quote is-layout-flow wp-block-quote-is-layout-flow\"><p>Dru\u017eba XYZ Doohickey Company je bila ustanovljena leta 1971 in od takrat javnosti ponuja kakovostne doohickeye. Podjetje XYZ, ki se nahaja v Gotham Cityju, zaposluje ve\u010d kot 2.000 ljudi in po\u010dne vse mogo\u010de \u010dudovite stvari za gothamsko skupnost.<\/p><\/blockquote>\n\n\n\n<p>Kot nov uporabnik WordPressa morate iti na <a href=\"https:\/\/eurosalesman.com\/slovenia\/wp-admin\/\">va\u0161a armaturna plo\u0161\u010da<\/a> izbri\u0161ete to stran in ustvarite nove strani za svojo vsebino. Zabavajte se!<\/p>","protected":false},"excerpt":{"rendered":"<p>This is an example page. It&#8217;s different from a blog post because it will stay in one place and will show up in your site navigation (in most themes). Most people start with an About page that introduces them to potential site visitors. It might say something like this: Hi there! I&#8217;m a bike messenger [&hellip;]<\/p>","protected":false},"author":3,"featured_media":0,"parent":0,"menu_order":0,"comment_status":"closed","ping_status":"open","template":"","meta":{"footnotes":""},"class_list":["post-2","page","type-page","status-publish","hentry"],"_links":{"self":[{"href":"https:\/\/eurosalesman.si\/sl\/wp-json\/wp\/v2\/pages\/2","targetHints":{"allow":["GET"]}}],"collection":[{"href":"https:\/\/eurosalesman.si\/sl\/wp-json\/wp\/v2\/pages"}],"about":[{"href":"https:\/\/eurosalesman.si\/sl\/wp-json\/wp\/v2\/types\/page"}],"author":[{"embeddable":true,"href":"https:\/\/eurosalesman.si\/sl\/wp-json\/wp\/v2\/users\/3"}],"replies":[{"embeddable":true,"href":"https:\/\/eurosalesman.si\/sl\/wp-json\/wp\/v2\/comments?post=2"}],"version-history":[{"count":0,"href":"https:\/\/eurosalesman.si\/sl\/wp-json\/wp\/v2\/pages\/2\/revisions"}],"wp:attachment":[{"href":"https:\/\/eurosalesman.si\/sl\/wp-json\/wp\/v2\/media?parent=2"}],"curies":[{"name":"wp","href":"https:\/\/api.w.org\/{rel}","templated":true}]}}